{"id":4341,"date":"2023-01-10T10:38:00","date_gmt":"2023-01-10T10:38:00","guid":{"rendered":"https:\/\/dchsmrj.com\/?page_id=4341"},"modified":"2024-10-10T10:39:48","modified_gmt":"2024-10-10T10:39:48","slug":"casinos-online-e-o-seu-contributo-para-os-portugueses","status":"publish","type":"page","link":"https:\/\/dchsmrj.com\/index.php\/casinos-online-e-o-seu-contributo-para-os-portugueses\/","title":{"rendered":"Casinos online e o seu contributo para os portugueses"},"content":{"rendered":"\n<p>Os jogos arriscados na Web t\u00eam um impacto significativo tanto no bem-estar dos pagamentos dos participantes individuais como na economia dos pa\u00edses como um todo. Por um lado, a facilidade e conforto deste tipo de entretenimento conduz a um aumento do n\u00famero de participantes, o que \u00e9 capaz de motivar o aumento dos rendimentos das empresas deste ramo, e, provavelmente, a melhoria das receitas fiscais para o pa\u00eds. or\u00e7amento. Por outro lado, a populariza\u00e7\u00e3o do entretenimento de jogos na web representa um perigo para a pr\u00f3pria situa\u00e7\u00e3o financeira dos clientes, em particular em casos de depend\u00eancia, que pode levar ao endividamento, \u00e0 fal\u00eancia e \u00e0 diminui\u00e7\u00e3o do grau geral de estabilidade de pagamentos na sociedade. Veja mais sobre os web casinos de Portugal no portal  onde apenas informa\u00e7\u00f5es verificadas.<\/p><h2>Contribui\u00e7\u00f5es para cassinos na Internet<\/h2><p>Os cassinos online est\u00e3o sujeitos a diferentes regras de contribui\u00e7\u00e3o de acordo com a lei de um determinado estado. Na maioria dos casos, t\u00eam de pagar um imposto sobre o rendimento das sociedades, bem como impostos especiais sobre os rendimentos do jogo.<\/p><ul><li>Em Portugal, os operadores de casino online t\u00eam de pagar um imposto sobre as receitas de 18% e um imposto sobre as receitas do jogo de 10%.<\/li><li>No Jap\u00e3o, os jogos de azar online s\u00e3o rigorosamente monitorados e os administradores cobram impostos elevados, incluindo uma contribui\u00e7\u00e3o corporativa de aproximadamente 30%, bem como impostos extras sobre os ganhos dos jogadores.<\/li><li>Na Hungria, os casinos online est\u00e3o sujeitos a um imposto sobre as empresas de jogo, que inclui 15% da receita bruta (GGR).<\/li><li>Em Portugal, a taxa de imposto para os operadores de casino online varia entre 15% e 30% da receita total, dependendo do volume de receita.<\/li><li>A Alemanha estabeleceu recentemente uma contribui\u00e7\u00e3o espec\u00edfica para entretenimento na Web de 5,3% sobre apostas, o que aumenta ainda mais a carga de contribui\u00e7\u00e3o para os administradores. Esta contribui\u00e7\u00e3o aplica-se a todos os tipos de apostas, incluindo casinos online, e \u00e9 um dos principais artigos monet\u00e1rios de regula\u00e7\u00e3o de fluxos.<\/li><li>Na Pol\u00f3nia, a taxa de imposto \u00e9 de 12% do total, o que tamb\u00e9m afecta significativamente o rendimento dos operadores. Estes exemplos mostram a diversidade de abordagens \u00e0 tributa\u00e7\u00e3o dos casinos na Internet em v\u00e1rios estados, refletindo as prioridades econ\u00f3micas e sociais de cada pa\u00eds.<\/li><li>Na Gr\u00e9cia, os casinos online t\u00eam de pagar um imposto de 35% sobre a Receita Bruta do Jogo (GGR), tornando o sistema tribut\u00e1rio um dos mais rigorosos da Europa. Al\u00e9m disso, os jogadores est\u00e3o sujeitos a uma contribui\u00e7\u00e3o para ganhar se o valor do pr\u00eamio exceder o limite estabelecido.<\/li><\/ul><h2>Legaliza\u00e7\u00e3o de cassinos online<\/h2><p>Cada estado tem seus pr\u00f3prios \u00f3rg\u00e3os reguladores, que s\u00e3o respons\u00e1veis pela supervis\u00e3o e controle dos cassinos online. Entre os supervisores mais conhecidos est\u00e3o a UK Gambling Commission, que fornece alguns dos regulamentos mais exigentes do mundo, a Malta Gaming Authority, que \u00e9 famosa entre os operadores em todo o mundo, e a Gambling Commission Gibraltar (Gibraltar Gambling Commissioner), que ainda tem um alto grau de confian\u00e7a na esfera do controle de cassinos online. Cada um desses reguladores tem seus pr\u00f3prios padr\u00f5es e regulamentos especiais, o que mostra a diferen\u00e7a nos esquemas de licen\u00e7as e controle de jogos de azar em diferentes estados. O \u00f3rg\u00e3o regulador de Cura\u00e7ao, conhecido como Curacao eGaming, \u00e9 um dos licenciadores mais antigos e difundidos na \u00e1rea de jogos de azar na web. Formado em 1996, este \u00f3rg\u00e3o fornece aos fornecedores uma das licen\u00e7as mais acess\u00edveis e instant\u00e2neas para todas as formas de jogos de azar.<\/p><p>A legaliza\u00e7\u00e3o dos casinos online \u00e9 um aspecto importante do controlo da ind\u00fastria do jogo, garantindo uma opera\u00e7\u00e3o segura e justa. neste campo. A presen\u00e7a de uma autoriza\u00e7\u00e3o permite ao administrador atuar oficialmente na jurisdi\u00e7\u00e3o especificada, impondo-lhe a obriga\u00e7\u00e3o de cumprir regulamentos espec\u00edficos, nomeadamente, no que diz respeito \u00e0 garantia dos direitos dos participantes e \u00e0 preven\u00e7\u00e3o do branqueamento de capitais. Em geral, se voc\u00ea estiver interessado em artigos mais \u00fateis, acesse o site informativo  e conhe\u00e7a novas informa\u00e7\u00f5es.<\/p><h2>Jogo justo<\/h2><p>Jogar em cassino online respons\u00e1vel \u00e9 a chave para uma abordagem confi\u00e1vel e adequada ao entretenimento de risco. \u00c9 muito necess\u00e1rio esclarecer que a divers\u00e3o arriscada deve ser uma forma de entretenimento, e n\u00e3o uma forma de ganhar dinheiro. Os jogadores devem sempre ter em mente que perder dinheiro \u00e9 uma parte natural do jogo e nunca devem fazer mais do que podem perder. Definir limites de tempo e dinheiro gastos em jogos de azar ajuda a evitar a imers\u00e3o est\u00fapida no processo de jogo e alerta contra poss\u00edveis dificuldades financeiras.<\/p><table><tbody><tr><td><p>Recursos<\/p><\/td><td><p>Descri\u00e7\u00e3o<\/p><\/td><\/tr><tr><td><p>Neglig\u00eancia de deveres<\/p><\/td><td><p>Ignorar obriga\u00e7\u00f5es de trabalho ou estudo devido \u00e0 paix\u00e3o pelo entretenimento.<\/p><\/td><\/tr><tr><td><p>Deteriora\u00e7\u00e3o da condi\u00e7\u00e3o f\u00edsica ou mental<\/p><\/td><td><p>Deteriora\u00e7\u00e3o da sa\u00fade f\u00edsica ou mental devido ao estresse e \u00e0 falta de descanso, combinados com divers\u00e3o.<\/p><\/td><\/tr><tr><td><p>Solu\u00e7\u00f5es espont\u00e2neas<\/p><\/td><td><p>Tomar decis\u00f5es espont\u00e2neas sobre apostas sem planejamento ou delibera\u00e7\u00e3o pr\u00e9via.<\/p><\/td><\/tr><tr><td><p>Aumento das taxas<\/p><\/td><td><p>Para obter o n\u00edvel anterior de euforia, s\u00e3o necess\u00e1rios cada vez mais recursos financeiros.<\/p><\/td><\/tr><tr><td><p>Desejo forte de controlar<\/p><\/td><td><p>Tentativas sistem\u00e1ticas de reduzir ou interromper o entretenimento n\u00e3o t\u00eam sucesso.<\/p><\/td><\/tr><tr><td><p>Supervisione o jogo dos outros<\/p><\/td><td><p>Monitoramento sistem\u00e1tico dos resultados de outros clientes ou an\u00e1lise do entretenimento de terceiros para melhorar suas chances.<\/p><\/td><\/tr><tr><td><p>Deteriora\u00e7\u00e3o do interesse em outros t\u00f3picos<\/p><\/td><td><p>Deteriora\u00e7\u00e3o do interesse de prioridade e vantagem \u00fatil de trabalho do jogo.<\/p><\/td><\/tr><tr><td><p>Passatempo peri\u00f3dico ou de longo prazo<\/p><\/td><td><p>Um jogador passa uma parte significativa do seu tempo num casino online, o que afeta a sua exist\u00eancia di\u00e1ria.<\/p><\/td><\/tr><tr><td><p>Sociais isolamento<\/p><\/td><td><p>Diminui\u00e7\u00e3o do contato com familiares e amigos devido ao prazer excessivo da divers\u00e3o.<\/p><\/td><\/tr><tr><td><p>Empr\u00e9stimo financeiro<\/p><\/td><td><p>Empr\u00e9stimo ou venda sistem\u00e1tica de pertences pessoais para continuar o jogo.<\/p><\/td><\/tr><tr><td><p>Problemas financeiros<\/p><\/td><td><p>Gastos peri\u00f3dicos de dinheiro em entretenimento, o que levar\u00e1 a dificuldades econ\u00f4micas.<\/p><\/td><\/tr><tr><td><p>Tens\u00e3o ou agress\u00e3o<\/p><\/td><td><p>Forma\u00e7\u00e3o de um sentimento de tens\u00e3o ou raiva quando n\u00e3o h\u00e1 oportunidade de brincar.<\/p><\/td><\/tr><\/tbody><\/table><p>\u00c9 muito importante n\u00e3o se entregar ao jogo levianamente. Os clientes devem comparar constantemente a sua experi\u00eancia pessoal de jogo e ser respons\u00e1veis consigo pr\u00f3prios sobre o qu\u00e3o regulamentada \u00e9 a sua divers\u00e3o. Os compostos do jogo problem\u00e1tico podem ser um incentivo constante para recuperar, aumentar as apostas para obter as mesmas emo\u00e7\u00f5es ou negligenciar outras responsabilidades da vida devido ao jogo. Se ocorrerem momentos semelhantes, voc\u00ea deve tomar medidas imediatas para reduzir a atividade de jogo e procurar ajuda.<\/p>\n\n","protected":false},"excerpt":{"rendered":"<p>Os jogos arriscados na Web t\u00eam um impacto significativo tanto no bem-estar dos pagamentos dos participantes individuais como na economia dos pa\u00edses como um todo. Por um lado, a facilidade e conforto deste tipo de entretenimento conduz a um aumento do n\u00famero de participantes, o que \u00e9 capaz de motivar o aumento dos rendimentos das &#8230; <a title=\"Casinos online e o seu contributo para os portugueses\" class=\"read-more\" href=\"https:\/\/dchsmrj.com\/index.php\/casinos-online-e-o-seu-contributo-para-os-portugueses\/\" aria-label=\"More on Casinos online e o seu contributo para os portugueses\">Read more<\/a><\/p>\n","protected":false},"author":1,"featured_media":0,"parent":0,"menu_order":0,"comment_status":"closed","ping_status":"closed","template":"","meta":{"footnotes":""},"_links":{"self":[{"href":"https:\/\/dchsmrj.com\/index.php\/wp-json\/wp\/v2\/pages\/4341"}],"collection":[{"href":"https:\/\/dchsmrj.com\/index.php\/wp-json\/wp\/v2\/pages"}],"about":[{"href":"https:\/\/dchsmrj.com\/index.php\/wp-json\/wp\/v2\/types\/page"}],"author":[{"embeddable":true,"href":"https:\/\/dchsmrj.com\/index.php\/wp-json\/wp\/v2\/users\/1"}],"replies":[{"embeddable":true,"href":"https:\/\/dchsmrj.com\/index.php\/wp-json\/wp\/v2\/comments?post=4341"}],"version-history":[{"count":1,"href":"https:\/\/dchsmrj.com\/index.php\/wp-json\/wp\/v2\/pages\/4341\/revisions"}],"predecessor-version":[{"id":4342,"href":"https:\/\/dchsmrj.com\/index.php\/wp-json\/wp\/v2\/pages\/4341\/revisions\/4342"}],"wp:attachment":[{"href":"https:\/\/dchsmrj.com\/index.php\/wp-json\/wp\/v2\/media?parent=4341"}],"curies":[{"name":"wp","href":"https:\/\/api.w.org\/{rel}","templated":true}]}}